{"id":132,"date":"2024-06-27T11:45:30","date_gmt":"2024-06-27T11:45:30","guid":{"rendered":"https:\/\/www.arborem.es\/?page_id=132"},"modified":"2025-08-19T11:51:01","modified_gmt":"2025-08-19T11:51:01","slug":"proyectos","status":"publish","type":"page","link":"https:\/\/www.arborem.es\/index.php\/proyectos\/","title":{"rendered":"Proyectos GO TRANSJARA"},"content":{"rendered":"\t\t<div data-elementor-type=\"wp-page\" data-elementor-id=\"132\" class=\"elementor elementor-132\">\n\t\t\t\t\t\t<section class=\"elementor-section elementor-top-section elementor-element elementor-element-78bb60ca elementor-section-boxed elementor-section-height-default elementor-section-height-default\" data-id=\"78bb60ca\" data-element_type=\"section\" data-settings=\"{&quot;background_background&quot;:&quot;classic&quot;}\">\n\t\t\t\t\t\t\t<div class=\"elementor-background-overlay\"><\/div>\n\t\t\t\t\t\t\t<div class=\"elementor-container elementor-column-gap-default\">\n\t\t\t\t\t<div class=\"elementor-column elementor-col-100 elementor-top-column elementor-element elementor-element-4d6b20a0\" data-id=\"4d6b20a0\" data-element_type=\"column\">\n\t\t\t<div class=\"elementor-widget-wrap elementor-element-populated\">\n\t\t\t\t\t\t<div class=\"elementor-element elementor-element-39c2eb86 elementor-widget elementor-widget-heading\" data-id=\"39c2eb86\" data-element_type=\"widget\" data-widget_type=\"heading.default\">\n\t\t\t\t<div class=\"elementor-widget-container\">\n\t\t\t\t\t<h1 class=\"elementor-heading-title elementor-size-default\">Proyecto GO TRANSJARA<\/h1>\t\t\t\t<\/div>\n\t\t\t\t<\/div>\n\t\t\t\t\t<\/div>\n\t\t<\/div>\n\t\t\t\t\t<\/div>\n\t\t<\/section>\n\t\t<div class=\"elementor-element elementor-element-d9e94ca e-flex e-con-boxed e-con e-parent\" data-id=\"d9e94ca\" data-element_type=\"container\">\n\t\t\t\t\t<div class=\"e-con-inner\">\n\t\t<div class=\"elementor-element elementor-element-57340d9 e-con-full e-flex e-con e-child\" data-id=\"57340d9\" data-element_type=\"container\">\n\t\t\t\t<div class=\"elementor-element elementor-element-0a3fe05 elementor-widget elementor-widget-image\" data-id=\"0a3fe05\" data-element_type=\"widget\" data-widget_type=\"image.default\">\n\t\t\t\t<div class=\"elementor-widget-container\">\n\t\t\t\t\t\t\t\t\t\t\t\t\t\t\t<img fetchpriority=\"high\" decoding=\"async\" width=\"300\" height=\"300\" src=\"https:\/\/www.arborem.es\/wp-content\/uploads\/2024\/06\/logo_transjara-300x300.png\" class=\"attachment-medium size-medium wp-image-70\" alt=\"\" srcset=\"https:\/\/www.arborem.es\/wp-content\/uploads\/2024\/06\/logo_transjara-300x300.png 300w, https:\/\/www.arborem.es\/wp-content\/uploads\/2024\/06\/logo_transjara-100x100.png 100w, https:\/\/www.arborem.es\/wp-content\/uploads\/2024\/06\/logo_transjara-150x150.png 150w, https:\/\/www.arborem.es\/wp-content\/uploads\/2024\/06\/logo_transjara.png 570w\" sizes=\"(max-width: 300px) 100vw, 300px\" \/>\t\t\t\t\t\t\t\t\t\t\t\t\t\t\t<\/div>\n\t\t\t\t<\/div>\n\t\t\t\t<\/div>\n\t\t<div class=\"elementor-element elementor-element-d27ed57 e-con-full e-flex e-con e-child\" data-id=\"d27ed57\" data-element_type=\"container\">\n\t\t\t\t<div class=\"elementor-element elementor-element-f2f9a83 elementor-widget elementor-widget-image\" data-id=\"f2f9a83\" data-element_type=\"widget\" data-widget_type=\"image.default\">\n\t\t\t\t<div class=\"elementor-widget-container\">\n\t\t\t\t\t\t\t\t\t\t\t\t\t\t\t\t<a href=\"https:\/\/www.arborem.es\/wp-content\/uploads\/2024\/06\/cartel.png\" data-elementor-open-lightbox=\"yes\" data-elementor-lightbox-title=\"cartel\" data-e-action-hash=\"#elementor-action%3Aaction%3Dlightbox%26settings%3DeyJpZCI6MTE4LCJ1cmwiOiJodHRwczpcL1wvd3d3LmFyYm9yZW0uZXNcL3dwLWNvbnRlbnRcL3VwbG9hZHNcLzIwMjRcLzA2XC9jYXJ0ZWwucG5nIn0%3D\">\n\t\t\t\t\t\t\t<img decoding=\"async\" width=\"800\" height=\"575\" src=\"https:\/\/www.arborem.es\/wp-content\/uploads\/2024\/06\/cartel-1024x736.png\" class=\"attachment-large size-large wp-image-118\" alt=\"\" srcset=\"https:\/\/www.arborem.es\/wp-content\/uploads\/2024\/06\/cartel-1024x736.png 1024w, https:\/\/www.arborem.es\/wp-content\/uploads\/2024\/06\/cartel-600x431.png 600w, https:\/\/www.arborem.es\/wp-content\/uploads\/2024\/06\/cartel-300x216.png 300w, https:\/\/www.arborem.es\/wp-content\/uploads\/2024\/06\/cartel-768x552.png 768w, https:\/\/www.arborem.es\/wp-content\/uploads\/2024\/06\/cartel.png 1249w\" sizes=\"(max-width: 800px) 100vw, 800px\" \/>\t\t\t\t\t\t\t\t<\/a>\n\t\t\t\t\t\t\t\t\t\t\t\t\t\t\t<\/div>\n\t\t\t\t<\/div>\n\t\t\t\t<\/div>\n\t\t\t\t\t<\/div>\n\t\t\t\t<\/div>\n\t\t<div class=\"elementor-element elementor-element-9c20483 e-flex e-con-boxed e-con e-parent\" data-id=\"9c20483\" data-element_type=\"container\">\n\t\t\t\t\t<div class=\"e-con-inner\">\n\t\t\t\t<div class=\"elementor-element elementor-element-8a77926 elementor-widget elementor-widget-heading\" data-id=\"8a77926\" data-element_type=\"widget\" data-widget_type=\"heading.default\">\n\t\t\t\t<div class=\"elementor-widget-container\">\n\t\t\t\t\t<h2 class=\"elementor-heading-title elementor-size-default\">- GRUPO OPERATIVO TRANSJARA -<\/h2>\t\t\t\t<\/div>\n\t\t\t\t<\/div>\n\t\t\t\t<div class=\"elementor-element elementor-element-6991058 elementor-widget elementor-widget-text-editor\" data-id=\"6991058\" data-element_type=\"widget\" data-widget_type=\"text-editor.default\">\n\t\t\t\t<div class=\"elementor-widget-container\">\n\t\t\t\t\t\t\t\t\t<p><strong>REACTIVACI\u00d3N EN EXTREMADURA DEL APROVECHAMIENTO DE LA JARA PRINGOSA (CISTUS LADANIFER L.) PARA SU TRANSFORMACI\u00d3N Y USO EN EL MERCADO COSM\u00c9TICO Y ENERG\u00c9TICO (GO TRANSJARA) Exp. PGOF\/46\/2022<\/strong><\/p><p style=\"font-weight: 400;\"><strong>El grupo operativo GO TRANSJARA est\u00e1 constituido por los siguientes integrantes:<\/strong><\/p><p style=\"font-weight: 400;\"><strong>\u00a0<\/strong><strong style=\"text-align: var(--text-align);\">Miembros Beneficiarios:<\/strong><\/p><p style=\"font-weight: 400;\"><strong>\u00a0<\/strong><u style=\"text-align: var(--text-align);\">OESTE INGENIER\u00cdA, S.L.<\/u><span style=\"text-align: var(--text-align);\"> (https:\/\/oesteingenieria.com\/es\/), es una empresa extreme\u00f1a situada en Aliseda, C\u00e1ceres, desde donde aporta un servicio global a todo el territorio, enfocado, sobre todo, a consultor\u00eda e intervenciones en entorno rural y forestal. Realiza actuaciones en el medio natural, desde explotaciones forestales hasta infraestructuras de transporte, agua y energ\u00eda. En paralelo, Oeste Ingenier\u00eda realiza una labor cada vez mayor en investigaci\u00f3n y desarrollo, ejecutando proyectos en pro del desarrollo de nuevos productos y servicios que aporten soluciones en el \u00e1mbito forestal<\/span><\/p><ul><li><u>ARBOREM Servicios Forestales S.L.:<\/u> La empresa Arborem Servicios Forestales est\u00e1 establecida en Talayuela (C\u00e1ceres) desde el 2020 y constituida por un equipo de profesionales de car\u00e1cter multidisciplinar, din\u00e1mico y cualificado acostumbrados a trabajar en el \u00e1mbito rural dentro del sector forestal, agr\u00edcola y medioambiental.<\/li><\/ul><p style=\"font-weight: 400;\"><strong>Miembros Subcontratados<\/strong><\/p><ul><li><u>Asociaci\u00f3n Empresarial de Investigaci\u00f3n Centro Tecnol\u00f3gico Nacional Agroalimentario \u201cExtremadura\u201d (CTAEX)<\/u><\/li><li><u>PLANTAROMA S.A.<\/u><\/li><li><u>Asociaci\u00f3n de Universidades Populares de Extremadura (AUPEX):<\/u><\/li><li><u> PARA LA DEFENSA DE LA NATURALEZA Y LOS RECURSOS DE EXTREMADURA (ADENEX)<\/u><\/li><\/ul><p style=\"font-weight: 400;\"><strong>Miembros Colaboradores<\/strong><\/p><p style=\"font-weight: 400;\"><strong>\u00a0<\/strong><u style=\"text-align: var(--text-align);\">Universidad de Extremadura \u2013 Centro Universitario de Plasencia \u2013 INDEHESA<\/u><\/p><ul><li><u>CENTRO DE INVESTIGACIONES ENERG\u00c9TICAS, MEDIOAMBIENTALES Y TECNOL\u00d3GICAS, O.A., M.P. (CEDERCIEMAT)<\/u><\/li><li><u>ADICOVER &#8211; Asociaci\u00f3n para el Desarrollo Integral de la Comarca de la Vera<\/u>.<\/li><\/ul><p style=\"font-weight: 400;\"><strong>EL PROYECTO:<\/strong><\/p><p style=\"font-weight: 400;\">Los Grupos Operativos, elementos clave en el desarrollo de la Asociaci\u00f3n Europea para la Innovaci\u00f3n en materia de agricultura productiva y sostenible, son agrupaciones de actores de distintos perfiles (agricultores, ganaderos, selvicultores, industrias agroalimentarias o forestales, centros p\u00fablicos o privados de I+D+i o de formaci\u00f3n y asesoramiento, centros tecnol\u00f3gicos o instituciones sin fines de lucro), que se asocian para conseguir una innovaci\u00f3n al objeto de resolver un problema o aprovechar una oportunidad, con el enfoque de acci\u00f3n conjunta y multisectorial. Cada grupo est\u00e1 asociado a su proyecto de innovaci\u00f3n, manteni\u00e9ndose hasta que dicha innovaci\u00f3n se lleva a cabo.<\/p><p style=\"font-weight: 400;\">El proyecto de innovaci\u00f3n GO TRANSGARA tiene por objetivos principales:<\/p><ul><li>OBJETIVO 1: El estudio de zonas posibles productoras de forma cultivada de jara pringosa en Extremadura y su posible incorporaci\u00f3n como eco cultivo con apoyo h\u00eddrico y de bio nutrientes en \u00e1reas que pretenden dar paso a otros aprovechamientos y que poseen la infraestructura adecuada para su manejo. Incluye los ensayos necesarios de cultivo, cosecha y log\u00edstica para su optimizaci\u00f3n en una parcela agroforestal.<\/li><\/ul><ul><li>OBJETIVO 2: Revisi\u00f3n para su actualizaci\u00f3n de las pr\u00e1cticas de manejo, cosecha, log\u00edstica y transformaci\u00f3n sobre el aprovechamiento de la jara pringosa en Extremadura, estableciendo una parcela forestal piloto de estudio de <em>Cistus ladanifer<\/em> silvestre. Esto requiere una redefinici\u00f3n del aprovechamiento sobre una parcela forestal con jara silvestre en estado \u00f3ptimo de cosecha y la inversi\u00f3n en un piloto demostrativo de una estaci\u00f3n de primera y segunda transformaci\u00f3n en Extremadura, siendo capaces de obtener goma bruta o l\u00e1dano y la esencia de jara en una primera fase y pellets para la industria energ\u00e9tica, entre otras.<\/li><\/ul><ul><li>OBJETIVO 3: La definici\u00f3n de un modelo de negocio integral y detallado para el aprovechamiento de la jara pringosa (<em>Cistus ladanifer<\/em>) en Extremadura. Este objetivo se materializar\u00e1 en un documento que podr\u00e1 ser utilizado para la r\u00e9plica del modelo, que deber\u00e1 contemplar los diferentes posibles puntos de partida de las posibles explotaciones: una nueva plantaci\u00f3n o una parcela forestal ya existente. Deber\u00e1n quedar patentes los beneficios y fines de este aprovechamiento, as\u00ed como las inversiones y canales de mercado.<\/li><\/ul><ul><li>OBJETIVO 4: La transmisi\u00f3n de conocimiento sobre el aprovechamiento de la jara pringosa, desde su valor y su cultivo y manejos, hasta la recolecci\u00f3n y transformaci\u00f3n para los diferentes mercados destino. Esto se pretende conseguir de la mano de la recopilaci\u00f3n de toda la informaci\u00f3n, te\u00f3rica y pr\u00e1ctica, obtenida en el proyecto m\u00e1s la informaci\u00f3n de partida facilitada por los agentes expertos en la materia colaboradores del proyecto. Se materializar\u00e1 en una gu\u00eda pr\u00e1ctica imprimible para su uso en la puesta en marcha del aprovechamiento.<\/li><\/ul><p>\u00a0<\/p><p><span style=\"text-align: var(--text-align);\">El proyecto innovador REACTIVACI\u00d3N EN EXTREMADURA DEL APROVECHAMIENTO DE LA JARA PRINGOSA (CISTUS LADANIFER L.) PARA SU TRANSFORMACI\u00d3N Y USO EN EL MERCADO COSM\u00c9TICO Y ENERG\u00c9TICO (GO TRANSJARA) est\u00e1 financiado en el marco del Programa de Desarrollo Rural de Extremadura 2014-2022, por el Fondo Europeo Agr\u00edcola de Desarrollo Rural (FEADER) de la Uni\u00f3n Europea en un 80%, por la Junta de Extremadura en un 16,28%, y por el Ministerio de Agricultura, Pesca y Alimentaci\u00f3n (MAPA) en un 3,72%.<\/span><\/p><p style=\"font-weight: 400;\">El total de la ayuda recibida para el desarrollo del proyecto innovador asciende a la cantidad de 153.948,00 \u20ac (Ciento cincuenta y tres mil novecientos cuarenta y ocho euros).<\/p>\t\t\t\t\t\t\t\t<\/div>\n\t\t\t\t<\/div>\n\t\t\t\t<div class=\"elementor-element elementor-element-ee01326 elementor-widget elementor-widget-spacer\" data-id=\"ee01326\" data-element_type=\"widget\" data-widget_type=\"spacer.default\">\n\t\t\t\t<div class=\"elementor-widget-container\">\n\t\t\t\t\t\t\t<div class=\"elementor-spacer\">\n\t\t\t<div class=\"elementor-spacer-inner\"><\/div>\n\t\t<\/div>\n\t\t\t\t\t\t<\/div>\n\t\t\t\t<\/div>\n\t\t\t\t\t<\/div>\n\t\t\t\t<\/div>\n\t\t\t\t<\/div>\n\t\t","protected":false},"excerpt":{"rendered":"<p>Proyecto GO TRANSJARA &#8211; GRUPO OPERATIVO TRANSJARA &#8211; REACTIVACI\u00d3N EN EXTREMADURA DEL APROVECHAMIENTO DE LA JARA PRINGOSA (CISTUS LADANIFER L.) PARA SU TRANSFORMACI\u00d3N Y USO EN EL MERCADO COSM\u00c9TICO Y ENERG\u00c9TICO (GO TRANSJARA) Exp. PGOF\/46\/2022 El grupo operativo GO TRANSJARA est\u00e1 constituido por los siguientes integrantes: \u00a0Miembros Beneficiarios: \u00a0OESTE INGENIER\u00cdA, S.L. (https:\/\/oesteingenieria.com\/es\/), es una empresa [&hellip;]<\/p>\n","protected":false},"author":1,"featured_media":0,"parent":0,"menu_order":0,"comment_status":"closed","ping_status":"closed","template":"elementor_header_footer","meta":{"footnotes":""},"class_list":["post-132","page","type-page","status-publish","hentry"],"yoast_head":"<!-- This site is optimized with the Yoast SEO plugin v24.8.1 - https:\/\/yoast.com\/wordpress\/plugins\/seo\/ -->\n<title>Proyectos GO TRANSJARA - Servicios Forestales<\/title>\n<meta name=\"robots\" content=\"index, follow, max-snippet:-1, max-image-preview:large, max-video-preview:-1\" \/>\n<link rel=\"canonical\" href=\"https:\/\/www.arborem.es\/index.php\/proyectos\/\" \/>\n<meta property=\"og:locale\" content=\"es_ES\" \/>\n<meta property=\"og:type\" content=\"article\" \/>\n<meta property=\"og:title\" content=\"Proyectos GO TRANSJARA - Servicios Forestales\" \/>\n<meta property=\"og:description\" content=\"Proyecto GO TRANSJARA &#8211; GRUPO OPERATIVO TRANSJARA &#8211; REACTIVACI\u00d3N EN EXTREMADURA DEL APROVECHAMIENTO DE LA JARA PRINGOSA (CISTUS LADANIFER L.) PARA SU TRANSFORMACI\u00d3N Y USO EN EL MERCADO COSM\u00c9TICO Y ENERG\u00c9TICO (GO TRANSJARA) Exp. PGOF\/46\/2022 El grupo operativo GO TRANSJARA est\u00e1 constituido por los siguientes integrantes: \u00a0Miembros Beneficiarios: \u00a0OESTE INGENIER\u00cdA, S.L. (https:\/\/oesteingenieria.com\/es\/), es una empresa [&hellip;]\" \/>\n<meta property=\"og:url\" content=\"https:\/\/www.arborem.es\/index.php\/proyectos\/\" \/>\n<meta property=\"og:site_name\" content=\"Servicios Forestales\" \/>\n<meta property=\"article:modified_time\" content=\"2025-08-19T11:51:01+00:00\" \/>\n<meta property=\"og:image\" content=\"https:\/\/www.arborem.es\/wp-content\/uploads\/2024\/06\/logo_transjara-300x300.png\" \/>\n<meta name=\"twitter:card\" content=\"summary_large_image\" \/>\n<meta name=\"twitter:label1\" content=\"Tiempo de lectura\" \/>\n\t<meta name=\"twitter:data1\" content=\"4 minutos\" \/>\n<script type=\"application\/ld+json\" class=\"yoast-schema-graph\">{\"@context\":\"https:\/\/schema.org\",\"@graph\":[{\"@type\":\"WebPage\",\"@id\":\"https:\/\/www.arborem.es\/index.php\/proyectos\/\",\"url\":\"https:\/\/www.arborem.es\/index.php\/proyectos\/\",\"name\":\"Proyectos GO TRANSJARA - Servicios Forestales\",\"isPartOf\":{\"@id\":\"https:\/\/www.arborem.es\/#website\"},\"primaryImageOfPage\":{\"@id\":\"https:\/\/www.arborem.es\/index.php\/proyectos\/#primaryimage\"},\"image\":{\"@id\":\"https:\/\/www.arborem.es\/index.php\/proyectos\/#primaryimage\"},\"thumbnailUrl\":\"https:\/\/www.arborem.es\/wp-content\/uploads\/2024\/06\/logo_transjara-300x300.png\",\"datePublished\":\"2024-06-27T11:45:30+00:00\",\"dateModified\":\"2025-08-19T11:51:01+00:00\",\"breadcrumb\":{\"@id\":\"https:\/\/www.arborem.es\/index.php\/proyectos\/#breadcrumb\"},\"inLanguage\":\"es\",\"potentialAction\":[{\"@type\":\"ReadAction\",\"target\":[\"https:\/\/www.arborem.es\/index.php\/proyectos\/\"]}]},{\"@type\":\"ImageObject\",\"inLanguage\":\"es\",\"@id\":\"https:\/\/www.arborem.es\/index.php\/proyectos\/#primaryimage\",\"url\":\"https:\/\/www.arborem.es\/wp-content\/uploads\/2024\/06\/logo_transjara.png\",\"contentUrl\":\"https:\/\/www.arborem.es\/wp-content\/uploads\/2024\/06\/logo_transjara.png\",\"width\":570,\"height\":568},{\"@type\":\"BreadcrumbList\",\"@id\":\"https:\/\/www.arborem.es\/index.php\/proyectos\/#breadcrumb\",\"itemListElement\":[{\"@type\":\"ListItem\",\"position\":1,\"name\":\"Portada\",\"item\":\"https:\/\/www.arborem.es\/\"},{\"@type\":\"ListItem\",\"position\":2,\"name\":\"Proyectos GO TRANSJARA\"}]},{\"@type\":\"WebSite\",\"@id\":\"https:\/\/www.arborem.es\/#website\",\"url\":\"https:\/\/www.arborem.es\/\",\"name\":\"Servicios Forestales\",\"description\":\"\",\"potentialAction\":[{\"@type\":\"SearchAction\",\"target\":{\"@type\":\"EntryPoint\",\"urlTemplate\":\"https:\/\/www.arborem.es\/?s={search_term_string}\"},\"query-input\":{\"@type\":\"PropertyValueSpecification\",\"valueRequired\":true,\"valueName\":\"search_term_string\"}}],\"inLanguage\":\"es\"}]}<\/script>\n<!-- \/ Yoast SEO plugin. -->","yoast_head_json":{"title":"Proyectos GO TRANSJARA - Servicios Forestales","robots":{"index":"index","follow":"follow","max-snippet":"max-snippet:-1","max-image-preview":"max-image-preview:large","max-video-preview":"max-video-preview:-1"},"canonical":"https:\/\/www.arborem.es\/index.php\/proyectos\/","og_locale":"es_ES","og_type":"article","og_title":"Proyectos GO TRANSJARA - Servicios Forestales","og_description":"Proyecto GO TRANSJARA &#8211; GRUPO OPERATIVO TRANSJARA &#8211; REACTIVACI\u00d3N EN EXTREMADURA DEL APROVECHAMIENTO DE LA JARA PRINGOSA (CISTUS LADANIFER L.) PARA SU TRANSFORMACI\u00d3N Y USO EN EL MERCADO COSM\u00c9TICO Y ENERG\u00c9TICO (GO TRANSJARA) Exp. PGOF\/46\/2022 El grupo operativo GO TRANSJARA est\u00e1 constituido por los siguientes integrantes: \u00a0Miembros Beneficiarios: \u00a0OESTE INGENIER\u00cdA, S.L. (https:\/\/oesteingenieria.com\/es\/), es una empresa [&hellip;]","og_url":"https:\/\/www.arborem.es\/index.php\/proyectos\/","og_site_name":"Servicios Forestales","article_modified_time":"2025-08-19T11:51:01+00:00","og_image":[{"url":"https:\/\/www.arborem.es\/wp-content\/uploads\/2024\/06\/logo_transjara-300x300.png","type":"","width":"","height":""}],"twitter_card":"summary_large_image","twitter_misc":{"Tiempo de lectura":"4 minutos"},"schema":{"@context":"https:\/\/schema.org","@graph":[{"@type":"WebPage","@id":"https:\/\/www.arborem.es\/index.php\/proyectos\/","url":"https:\/\/www.arborem.es\/index.php\/proyectos\/","name":"Proyectos GO TRANSJARA - Servicios Forestales","isPartOf":{"@id":"https:\/\/www.arborem.es\/#website"},"primaryImageOfPage":{"@id":"https:\/\/www.arborem.es\/index.php\/proyectos\/#primaryimage"},"image":{"@id":"https:\/\/www.arborem.es\/index.php\/proyectos\/#primaryimage"},"thumbnailUrl":"https:\/\/www.arborem.es\/wp-content\/uploads\/2024\/06\/logo_transjara-300x300.png","datePublished":"2024-06-27T11:45:30+00:00","dateModified":"2025-08-19T11:51:01+00:00","breadcrumb":{"@id":"https:\/\/www.arborem.es\/index.php\/proyectos\/#breadcrumb"},"inLanguage":"es","potentialAction":[{"@type":"ReadAction","target":["https:\/\/www.arborem.es\/index.php\/proyectos\/"]}]},{"@type":"ImageObject","inLanguage":"es","@id":"https:\/\/www.arborem.es\/index.php\/proyectos\/#primaryimage","url":"https:\/\/www.arborem.es\/wp-content\/uploads\/2024\/06\/logo_transjara.png","contentUrl":"https:\/\/www.arborem.es\/wp-content\/uploads\/2024\/06\/logo_transjara.png","width":570,"height":568},{"@type":"BreadcrumbList","@id":"https:\/\/www.arborem.es\/index.php\/proyectos\/#breadcrumb","itemListElement":[{"@type":"ListItem","position":1,"name":"Portada","item":"https:\/\/www.arborem.es\/"},{"@type":"ListItem","position":2,"name":"Proyectos GO TRANSJARA"}]},{"@type":"WebSite","@id":"https:\/\/www.arborem.es\/#website","url":"https:\/\/www.arborem.es\/","name":"Servicios Forestales","description":"","potentialAction":[{"@type":"SearchAction","target":{"@type":"EntryPoint","urlTemplate":"https:\/\/www.arborem.es\/?s={search_term_string}"},"query-input":{"@type":"PropertyValueSpecification","valueRequired":true,"valueName":"search_term_string"}}],"inLanguage":"es"}]}},"_links":{"self":[{"href":"https:\/\/www.arborem.es\/index.php\/wp-json\/wp\/v2\/pages\/132","targetHints":{"allow":["GET"]}}],"collection":[{"href":"https:\/\/www.arborem.es\/index.php\/wp-json\/wp\/v2\/pages"}],"about":[{"href":"https:\/\/www.arborem.es\/index.php\/wp-json\/wp\/v2\/types\/page"}],"author":[{"embeddable":true,"href":"https:\/\/www.arborem.es\/index.php\/wp-json\/wp\/v2\/users\/1"}],"replies":[{"embeddable":true,"href":"https:\/\/www.arborem.es\/index.php\/wp-json\/wp\/v2\/comments?post=132"}],"version-history":[{"count":26,"href":"https:\/\/www.arborem.es\/index.php\/wp-json\/wp\/v2\/pages\/132\/revisions"}],"predecessor-version":[{"id":234,"href":"https:\/\/www.arborem.es\/index.php\/wp-json\/wp\/v2\/pages\/132\/revisions\/234"}],"wp:attachment":[{"href":"https:\/\/www.arborem.es\/index.php\/wp-json\/wp\/v2\/media?parent=132"}],"curies":[{"name":"wp","href":"https:\/\/api.w.org\/{rel}","templated":true}]}}